{"id":22205,"date":"2020-05-13T13:37:43","date_gmt":"2020-05-13T11:37:43","guid":{"rendered":"https:\/\/www.nationalparklodge.at\/adventure-grossglockner\/"},"modified":"2021-09-14T14:00:00","modified_gmt":"2021-09-14T12:00:00","slug":"adventure-grossglockner","status":"publish","type":"page","link":"https:\/\/www.nationalparklodge.at\/en\/adventure-grossglockner\/","title":{"rendered":"Adventure Gro\u00dfglockner"},"content":{"rendered":"<div class=\"vgblk-rw-wrapper limit-wrapper\">\r\n<h1>\r\n\tGrossglockner &#8211; the ultimate 3.000m experience\r\n\t<\/h1>\r\n\t<p>For many it is a lifelong dream, for everyone who has made it, it is an unforgettable experience that will not be surpassed so quickly.<\/p>\r\n<h3>\r\n\tGro\u00dfglockner\r\n\t<\/h3>\r\n\t\t\tAlt. 3,798m\r\n<h3>\r\n\tExperience\r\n\t<\/h3>\r\n\t\t\t100 %\r\n<h3>\r\n\tPhoto opportunities?\r\n\t<\/h3>\r\n\t\t\t>1,000\r\n<h2>\r\n\tWe take you on a very personal Glockner tour!\r\n\t<\/h2>\r\n\t<p>I have been preparing for months and now the time has come. The ascent of the Grossglockner is just around the corner. <strong>3798 meters of altitude<\/strong> are waiting for me and the tension is written on my face. Hopefully the many hours of jogging or cycling will pay off. The equipment is not yet complete. I get the missing parts in Heiligenblut at Intersport Gro\u00dfglockner, because they have everything it takes to climb the Grossglockner.<\/p>\r\n\r\n<h3>\r\n\tThe adventure begins\r\n\t<\/h3>\r\n\t<p>The <strong>journey<\/strong> to the National Park Lodge Gro\u00dfglockner flies by and the crossing over the <strong>Grossglockner High Alpine Road<\/strong> leaves a lasting impression on me. Even if my attention to the upcoming event does not let me perceive everything.<\/p>\r\n<p>When I arrive at the lodge in Heiligenblut, I feel in good hands. In all people around me, experience is written on the face in the mountains. <strong>Check in, move into the room and drop on the bed.<\/strong> Wonderful &#8211; I am in Heiligenblut and the Gro\u00dfglockner can be seen directly from my bed. There you are now, you big mountain with all your strength, which, when you are angry, only turns us into toys. But you meant well with me, because the weather should be good the next few days.<\/p>\r\n<h3>\r\n\tStrengthen &amp; motivate is the motto\r\n\t<\/h3>\r\n\t<p>But I still take a little time. Tomorrow I&#8217;ll do a <strong>little acclimatization exploration<\/strong>. The people at the lodge recommended the sand head, a gentle mountain. It is perfect for exploring the area and adjusting my body to the height. Over the Apriacher Almen up to the mountain. My gaze extends from the Gro\u00dfglockner to the Carnic Alps to the border of Carinthia and Italy. A dream and the anticipation for my big day rises to the immeasurable.<\/p>\r\n<p>Back at the hotel I let myself be spoiled again. A light massage is needed. This massage makes me doze off and sink completely into my thoughts.<\/p>\r\n<p>At around 7:00 p.m. I meet my Heiligenblut mountain guide &#8211; the &#8220;Mathias&#8221;. As he imagined, he will surely take me to the mountain. With a lot of calm and serenity, he explains to me again the tour that the people from the lodge really organized for me. We will leave tomorrow around noon and hike over the Stockerscharte towards Salmh\u00fctte.<\/p>\r\n<p>Eating well and going to bed early is the motto for today.<\/p>\r\n<h3>\r\n\tThe big day has come\r\n\t<\/h3>\r\n\t<p>To be honest, I didn&#8217;t sleep well that night. The <strong>excitement and anticipation<\/strong> was too great to sleep soundly. I went through the equipment again: crampon-resistant mountain shoes, gaiters, a second set of underwear, sunscreen, first aid package, and much more. The people from the hotel sent me a checklist when I registered, which was really helpful during the preparation.<\/p>\r\n<p><strong>10 a.m. &#8211; now it starts<\/strong>. Mathias is already there and we load all the equipment into the car. We drive up the Grossglockner High Alpine Road to the Glocknerhaus, where we leave our car behind, as we will come back here.<\/p>\r\n<p>As Mathias described it, we start towards Stockerscharte. The climb is very easy to manage and we walk very slowly. For me, this pace is still very unusual, but as I will see later, it is worth its weight in gold. Once at the top of the notch, we take a short break and enjoy the view, down into the M\u00f6lltal and the Leitertal. Simply impressive and we are only at the beginning of our ascent to Glockner. We hike comfortably over the Wiener H\u00f6henweg, further towards the Salmh\u00fctte. Halfway we meet two hunters from the national park. Mathias obviously knows her. Markus and Hias are out and watch the ibex, which was resettled here 60 years ago. &#8220;It&#8217;s good together, our ibex,&#8221; says Markus with a happy face. After a short chat we march on. Mathias tells me that Hans Pichler &#8211; the founder of the National Park Lodge (formerly Hotel Glocknerhof) &#8211; brought the ibex from Switzerland and reinstated it here on the Grossglockner. He must have been a real pioneer. And I already thought in the lodge that they have something to do with this noble game, because the ibex is everywhere in the hotel.<\/p>\r\n<h3>\r\n\tThe night camp\r\n\t<\/h3>\r\n\t<p>After about 3 hours we arrived at the <strong>Salm hut<\/strong>. We will set up our night camp here and tackle the Gro\u00dfglockner early in the morning. The Salmh\u00fctte lies <strong>at 2.644 m<\/strong> and is the <strong>ideal starting point<\/strong>. Mathias tells me that he prefers to spend the night here. <strong>&#8220;The St\u00fcdelh\u00fctte is constantly overcrowded and there is no peace at the Erzherzog Johann H\u00fctte (Adlersruh) either,&#8221;<\/strong> he says. The sun is shining and I explore the area around the hut again in the late afternoon. Lush alpine pastures surround us and the Gro\u00dfglockner is now very close. I don&#8217;t mind the altitude and I can acclimatize really well.<\/p>\r\n\r\n<h3>\r\n\tThe grandiose climb\r\n\t<\/h3>\r\n\t<p>It&#8217;s still dark, but I&#8217;ve never seen such an <strong>impressive starry sky in my life<\/strong>. I was not aware that there was such a thing. It sparkles and glitters, like in the Swarovski crystal world &#8211; only much more impressive. Just because of the starry sky, it paid off to come here. With the headlamp on your head, head towards Hohenwartscharte. Our tour goes along the <strong>path of the first climbers<\/strong>, from Heiligenblut Graf Salm climbed the Grossglockner for the first time in 1800. We put on our crampons because a short snow field begins under the Hohenwartscharte. Slightly unfamiliar, but my mountain guide shows me how to do it and after a few steps I get on well. Seat belt and rope are now our life insurance. We won&#8217;t put them down until we get back here. After two or three hairpin bends in the snow we come to the rock face that leads up to the Hohenwartscharte. I love climbing in the rock and the wall is well equipped with hooks and steel cables. When you reach the top of the gap, you can already tell that the daylight is getting stronger and that we will no longer need our headlamps. Towards the north-west you can see the lights of the Adlerlersruhe &#8211; our stopover to the summit of Austria&#8217;s highest mountain. The way there leads over rock, snow and ice and I am happy to have reached the top. I am beginning to feel that the air is getting thinner and thinner and that the slow pace was chosen very well. Mathias congratulates me on my first stage win and we take a short break in the Erzherzog Johann H\u00fctte. The hut is looked after by the Austrian Alpine Club, since most of the mountaineers who have stayed up here are already heading for the summit, so it is pretty quiet here. There are only a few other mountaineers who came up from Kals via the St\u00fcdlh\u00fctte. &#8220;They look a bit plucked out,&#8221; Mathias remarks with a smile. &#8220;They probably have a lot to do in the stressful St\u00fcdlh\u00fctt&#8217;n.&#8221;<\/p>\r\n<p>A coffee and a good bread gives us the strength we will need now with the last 344 meters to the summit.<\/p>\r\n<p>My nervousness is increasing and I can&#8217;t wait to finally get to the top of Austria&#8217;s highest mountain. I am curious about many stories and pictures as to whether the climb from Kleinglockner to Gro\u00dfglockner is really so exposed and steep. We march off with trembling knees. Mathias calms me down a bit with his calm voice. &#8220;Des pock &#8216;ma already&#8221; and let&#8217;s go. First across the station &#8211; a gently flanking ice flank, which then becomes increasingly steep &#8211; up to the Eisleitl. The first climbers from today are already coming back and their radiant faces tell me their satisfaction.<\/p>\r\n<h3>\r\n\tWith the goal in mind\r\n\t<\/h3>\r\n\t<p>From the exit in the Eisleitl, it continues over rock and ice. Iron bars give us security. The first mountain guides installed these poles on the Glockner to safely overcome this difficult passage. Always up to the small bell. I notice how slowly the fear drives into my limbs. It is much steeper than expected and the north face has over 1000 meters of altitude. I don&#8217;t really dare to look down and if it weren&#8217;t for Mathias, this would be the end for me. My heart is racing. Time and space no longer seem to matter, but with small steps and full concentration I can overcome the key point. From the Kleinglockner down to the Schartele an approx. 10m long and 30cm wide snow gap that connects the Kleinglockner and Gro\u00dfglockner and which plunges vertically into the depths left and right over 1000m, takes my breath away. &#8220;Nice and slow, I raised you and you can do it,&#8221; Mathias says calmly and actually, I&#8217;m over there! It doesn&#8217;t matter to me at the moment that I have to go back there. Now it is only a few meters to the summit.<\/p>\r\n<p>After a couple of steep meters in altitude, the summit becomes a bit flatter and Mathias lets me walk the last few meters to the summit. <strong>&#8220;Today is your day &#8211; the tour of a lifetime!&#8221;<\/strong> He says.<\/p>\r\n<h3>\r\n\tThe feeling? <br \/> &#8220;I&#8217;m the king of the world&#8221;\r\n\t<\/h3>\r\n\t\r\n<p>I could still spend hours up here, but it is time to descend back down to the Salm hut, we still have to make it today.<\/p>\r\n<h3>\r\n\tThe descent: victory in your luggage\r\n\t<\/h3>\r\n\t<p>On the descent we meet two other three groups who want to conquer the summit. Now I have the smile of satisfaction on my face. Somehow my fear has evaporated and the descent is very easy for me. Obviously I got used to the steepness and the abyss. We follow the same path into the valley that we came. Past the Adler rest over the Hohenwartscharte to the Salm hut. We were able to celebrate with two other groups that made it to the summit today. The mountain guides Toni and Martin were also there and so the hut host extended the curfew a little with a wink. However, our summit party didn&#8217;t last forever, because I couldn&#8217;t keep my eyes open long and fell asleep happily and happily in my camp.<\/p>\r\n\t<p>The first rays of sun have woken me and the last stage of my ascent to Glockner is still to come. The descent from the Salmh\u00fctte to the Glocknerhaus. Only now that I have reached the summit and my nervousness has evaporated do I really notice the beauty of this high valley. The marmots whistle and troll around in the meadows. &#8220;Look there,&#8221; says Mathias, &#8220;there is the majesty of the Alps, the Capricorn.&#8221; I can hardly believe it, he stands impressively on a ledge and looks down on us with his imposing horns. His look as if he would remind us again &#8220;Be careful &#8211; you are part of the whole, nothing more but nothing less!&#8221;<\/p>\r\n<h3>\r\n\tMy summary\r\n\t<\/h3>\r\n\t<p>We left Heiligenblut two days ago to climb the Gro\u00dfglockner and now I&#8217;m back at the National Park Lodge Gro\u00dfglockner. &#8220;Berg Heil&#8221; comes to me from a friendly voice at the reception and now I know that I really managed to climb the highest mountain in Austria. Exhausted but thankful for this experience. With this feeling I go to bed after a massage and a really good meal and a glass of wine from South Styria. I will stay in Heiligenblut for a few more days and enjoy the peace and quiet here before starting my journey home.<\/p>\r\n\r\n\t\t<h3>Are you interested in adventure now?<\/h3>\r\n\t\t<p>We would love to send you on the tour of a lifetime.<\/p>\r\n\t<a href=\"mailto:info@nationalparklodge.at\" target=\"_self\" role=\"button\" rel=\"noopener\">\r\n\t\t\t\t\tYou can find more information about the tour here\r\n\t<\/a>\r\n<style>\r\n\t\t<\/style>\r\n\r\n<\/div><!-- .vgblk-rw-wrapper -->","protected":false},"excerpt":{"rendered":"<p>Grossglockner &#8211; the ultimate 3.000m experience For many it is a lifelong dream, for everyone who has made it, it is an unforgettable experience that will not be surpassed so quickly. Gro\u00dfglockner Alt. 3,798m Experience 100 % Photo opportunities? >1,000 We take you on a very personal Glockner tour! I have been preparing for months&#8230;<\/p>\n","protected":false},"author":1,"featured_media":21035,"parent":0,"menu_order":61,"comment_status":"closed","ping_status":"closed","template":"","meta":{"footnotes":""},"class_list":["post-22205","page","type-page","status-publish","has-post-thumbnail","hentry"],"yoast_head":"<title>Adventure Gro\u00dfglockner - Nationalparklodge Gro\u00dfglockner<\/title>\n<meta name=\"description\" content=\"For many it is a lifelong dream, for everyone who has made it, it is an unforgettable experience that will not be surpassed so quickly.\" \/>\n<meta name=\"robots\" content=\"index, follow, max-snippet:-1, max-image-preview:large, max-video-preview:-1\" \/>\n<link rel=\"canonical\" href=\"https:\/\/www.nationalparklodge.at\/en\/adventure-grossglockner\/\" \/>\n<meta property=\"og:locale\" content=\"en_US\" \/>\n<meta property=\"og:type\" content=\"article\" \/>\n<meta property=\"og:title\" content=\"Adventure Gro\u00dfglockner - Nationalparklodge Gro\u00dfglockner\" \/>\n<meta property=\"og:description\" content=\"For many it is a lifelong dream, for everyone who has made it, it is an unforgettable experience that will not be surpassed so quickly.\" \/>\n<meta property=\"og:url\" content=\"https:\/\/www.nationalparklodge.at\/en\/adventure-grossglockner\/\" \/>\n<meta property=\"og:site_name\" content=\"Nationalparklodge Gro\u00dfglockner\" \/>\n<meta property=\"article:publisher\" content=\"https:\/\/www.facebook.com\/Nationalpark.Lodge\/\" \/>\n<meta property=\"article:modified_time\" content=\"2021-09-14T12:00:00+00:00\" \/>\n<meta property=\"og:image\" content=\"https:\/\/www.nationalparklodge.at\/wp-content\/uploads\/2018\/11\/086218b2ac4369b7cefd2acbee0be8b1_XL-1024x681.jpg\" \/>\n\t<meta property=\"og:image:width\" content=\"1024\" \/>\n\t<meta property=\"og:image:height\" content=\"681\" \/>\n\t<meta property=\"og:image:type\" content=\"image\/jpeg\" \/>\n<meta name=\"twitter:card\" content=\"summary_large_image\" \/>\n<meta name=\"twitter:label1\" content=\"Est. reading time\" \/>\n\t<meta name=\"twitter:data1\" content=\"10 minutes\" \/>","yoast_head_json":{"title":"Adventure Gro\u00dfglockner - Nationalparklodge Gro\u00dfglockner","description":"For many it is a lifelong dream, for everyone who has made it, it is an unforgettable experience that will not be surpassed so quickly.","robots":{"index":"index","follow":"follow","max-snippet":"max-snippet:-1","max-image-preview":"max-image-preview:large","max-video-preview":"max-video-preview:-1"},"canonical":"https:\/\/www.nationalparklodge.at\/en\/adventure-grossglockner\/","og_locale":"en_US","og_type":"article","og_title":"Adventure Gro\u00dfglockner - Nationalparklodge Gro\u00dfglockner","og_description":"For many it is a lifelong dream, for everyone who has made it, it is an unforgettable experience that will not be surpassed so quickly.","og_url":"https:\/\/www.nationalparklodge.at\/en\/adventure-grossglockner\/","og_site_name":"Nationalparklodge Gro\u00dfglockner","article_publisher":"https:\/\/www.facebook.com\/Nationalpark.Lodge\/","article_modified_time":"2021-09-14T12:00:00+00:00","og_image":[{"width":1024,"height":681,"url":"https:\/\/www.nationalparklodge.at\/wp-content\/uploads\/2018\/11\/086218b2ac4369b7cefd2acbee0be8b1_XL-1024x681.jpg","type":"image\/jpeg"}],"twitter_card":"summary_large_image","twitter_misc":{"Est. reading time":"10 minutes"},"schema":{"@context":"https:\/\/schema.org","@graph":[{"@type":"WebPage","@id":"https:\/\/www.nationalparklodge.at\/en\/adventure-grossglockner\/","url":"https:\/\/www.nationalparklodge.at\/en\/adventure-grossglockner\/","name":"Adventure Gro\u00dfglockner - Nationalparklodge Gro\u00dfglockner","isPartOf":{"@id":"https:\/\/www.nationalparklodge.at\/en\/#website"},"primaryImageOfPage":{"@id":"https:\/\/www.nationalparklodge.at\/en\/adventure-grossglockner\/#primaryimage"},"image":{"@id":"https:\/\/www.nationalparklodge.at\/en\/adventure-grossglockner\/#primaryimage"},"thumbnailUrl":"https:\/\/www.nationalparklodge.at\/wp-content\/uploads\/2018\/11\/086218b2ac4369b7cefd2acbee0be8b1_XL.jpg","datePublished":"2020-05-13T11:37:43+00:00","dateModified":"2021-09-14T12:00:00+00:00","description":"For many it is a lifelong dream, for everyone who has made it, it is an unforgettable experience that will not be surpassed so quickly.","breadcrumb":{"@id":"https:\/\/www.nationalparklodge.at\/en\/adventure-grossglockner\/#breadcrumb"},"inLanguage":"en-US","potentialAction":[{"@type":"ReadAction","target":["https:\/\/www.nationalparklodge.at\/en\/adventure-grossglockner\/"]}]},{"@type":"ImageObject","inLanguage":"en-US","@id":"https:\/\/www.nationalparklodge.at\/en\/adventure-grossglockner\/#primaryimage","url":"https:\/\/www.nationalparklodge.at\/wp-content\/uploads\/2018\/11\/086218b2ac4369b7cefd2acbee0be8b1_XL.jpg","contentUrl":"https:\/\/www.nationalparklodge.at\/wp-content\/uploads\/2018\/11\/086218b2ac4369b7cefd2acbee0be8b1_XL.jpg","width":1920,"height":1277,"caption":"Grossglockner"},{"@type":"BreadcrumbList","@id":"https:\/\/www.nationalparklodge.at\/en\/adventure-grossglockner\/#breadcrumb","itemListElement":[{"@type":"ListItem","position":1,"name":"Home","item":"https:\/\/www.nationalparklodge.at\/en\/"},{"@type":"ListItem","position":2,"name":"Adventure Gro\u00dfglockner"}]},{"@type":"WebSite","@id":"https:\/\/www.nationalparklodge.at\/en\/#website","url":"https:\/\/www.nationalparklodge.at\/en\/","name":"Nationalpark Lodge Gro\u00dfglockner","description":"","publisher":{"@id":"https:\/\/www.nationalparklodge.at\/en\/#organization"},"potentialAction":[{"@type":"SearchAction","target":{"@type":"EntryPoint","urlTemplate":"https:\/\/www.nationalparklodge.at\/en\/?s={search_term_string}"},"query-input":{"@type":"PropertyValueSpecification","valueRequired":true,"valueName":"search_term_string"}}],"inLanguage":"en-US"},{"@type":"Organization","@id":"https:\/\/www.nationalparklodge.at\/en\/#organization","name":"Nationalpark Lodge Gro\u00dfglockner","url":"https:\/\/www.nationalparklodge.at\/en\/","logo":{"@type":"ImageObject","inLanguage":"en-US","@id":"https:\/\/www.nationalparklodge.at\/en\/#\/schema\/logo\/image\/","url":"https:\/\/www.nationalparklodge.at\/wp-content\/uploads\/2020\/04\/logo_nationalparklodge_steinbock_favicon.png","contentUrl":"https:\/\/www.nationalparklodge.at\/wp-content\/uploads\/2020\/04\/logo_nationalparklodge_steinbock_favicon.png","width":173,"height":173,"caption":"Nationalpark Lodge Gro\u00dfglockner"},"image":{"@id":"https:\/\/www.nationalparklodge.at\/en\/#\/schema\/logo\/image\/"},"sameAs":["https:\/\/www.facebook.com\/Nationalpark.Lodge\/","https:\/\/www.instagram.com\/nationalparklodgegrossglockner\/","https:\/\/www.youtube.com\/channel\/UCtxQDzgamivSa45MD3tzEBQ"]}]}},"_links":{"self":[{"href":"https:\/\/www.nationalparklodge.at\/en\/wp-json\/wp\/v2\/pages\/22205","targetHints":{"allow":["GET"]}}],"collection":[{"href":"https:\/\/www.nationalparklodge.at\/en\/wp-json\/wp\/v2\/pages"}],"about":[{"href":"https:\/\/www.nationalparklodge.at\/en\/wp-json\/wp\/v2\/types\/page"}],"author":[{"embeddable":true,"href":"https:\/\/www.nationalparklodge.at\/en\/wp-json\/wp\/v2\/users\/1"}],"replies":[{"embeddable":true,"href":"https:\/\/www.nationalparklodge.at\/en\/wp-json\/wp\/v2\/comments?post=22205"}],"version-history":[{"count":0,"href":"https:\/\/www.nationalparklodge.at\/en\/wp-json\/wp\/v2\/pages\/22205\/revisions"}],"wp:featuredmedia":[{"embeddable":true,"href":"https:\/\/www.nationalparklodge.at\/en\/wp-json\/wp\/v2\/media\/21035"}],"wp:attachment":[{"href":"https:\/\/www.nationalparklodge.at\/en\/wp-json\/wp\/v2\/media?parent=22205"}],"curies":[{"name":"wp","href":"https:\/\/api.w.org\/{rel}","templated":true}]}}