{"id":25899,"date":"2023-09-04T09:45:33","date_gmt":"2023-09-04T07:45:33","guid":{"rendered":"https:\/\/www.nationalparklodge.at\/living\/room-details\/"},"modified":"2023-09-11T09:01:33","modified_gmt":"2023-09-11T07:01:33","slug":"details","status":"publish","type":"page","link":"https:\/\/www.nationalparklodge.at\/en\/room-overview\/details\/","title":{"rendered":"Room details"},"content":{"rendered":"<div class=\"vgblk-rw-wrapper limit-wrapper\">\r\n<h1>Suite<\/h1>\r\n<h3>up to 24 m\u00b2 | 1-2 persons<\/h3>\r\n<p>Modernster Wohnkomfort gepaart mit traditionellen Elementen. Genie\u00dfen Sie erholsame Stunden in unseren Kuschelzimmern. Nat\u00fcrliche Materialien, ein Echtholzboden und ein gem\u00fctliches Raumkonzept vermitteln eine besondere Wohlf\u00fchlatmosph\u00e4re in Ihrem Urlaub<\/p>\r\n<p><img decoding=\"async\" src=\"https:\/\/www.nationalparklodge.at\/wp-content\/uploads\/2018\/11\/Nationalpark-Lodge-Grossglockner-Suite-Superior-405-2-scaled.jpg\" alt=\"Nationalpark Lodge Grossglockner Suite Superior\" \/> <img decoding=\"async\" src=\"https:\/\/www.nationalparklodge.at\/wp-content\/uploads\/2018\/11\/Nationalpark-Lodge-Grossglockner-Suite-Superior-405-2-scaled.jpg\" alt=\"Nationalpark Lodge Grossglockner Suite Superior\" \/> <img decoding=\"async\" src=\"https:\/\/www.nationalparklodge.at\/wp-content\/uploads\/2019\/06\/herzlich-willkommen-in-der-nationalparklodge-grossglockner.jpg\" alt=\"\" \/><\/p>\r\n<h2>Equipment<\/h2>\r\n<p>Balkon<\/p>\r\n<p>Balkon<\/p>\r\n<p>Balkon<\/p>\r\n<p>Balkon<\/p>\r\n<p>Balkon<\/p>\r\n<p>Balkon<\/p>\r\n<p>Balkon<\/p>\r\n<p>Balkon<\/p>\r\n<h2>Prices<\/h2>\r\n<p><a href=\"https:\/\/booking.nationalparklodge.at\/websLINE-ABM\/Homepage\/Booking\/Preset?RoomCategoryId=7&amp;languageIso=en\" target=\"_blank\" rel=\"noopener\">BOOK HERE<\/a><\/p>\r\n<p><a href=\"https:\/\/www.nationalparklodge.at\/en\/quick-request\/\">REQUEST<\/a><\/p>\r\n<p><img loading=\"lazy\" decoding=\"async\" title=\"logo_nationalparklodge_steinbock\" src=\"https:\/\/www.nationalparklodge.at\/wp-content\/uploads\/2020\/03\/logo_nationalparklodge_steinbock.png\" sizes=\"auto, (max-width: 760px) 100vw, 100vw\" alt=\"logo_nationalparklodge_steinbock\" width=\"173\" height=\"154\" \/><\/p>\r\n<h2>Pampering board included services<\/h2>\r\n<p>Our hotel in Heiligenblut combines modern design with alpine flair and tradition.<br \/>Whether in the SPA with the scent of wild herbs, panoramic views of Austria&#8217;s highest mountains or in the pion bar by the blazing fireplace.<\/p>\r\n<p>Here you dream your adventure.<\/p>\r\n<ul>\r\n<li>Rich <strong>breakfast buffet<\/strong> with regional specialities<\/li>\r\n<li>We are happy to cook vegetarian or vegan dishes for you (please let us know when booking).<\/li>\r\n<li><strong>Grossglockner Wellness &amp; SPA<\/strong> (700 m\u00b2) with herbal organic sauna, panorama sauna,<br \/>brine steam bath, spacious relaxation rooms<\/li>\r\n<li><strong>Indoor swimming pool<\/strong> with 14 x 7m Pool<\/li>\r\n<li>Juice\/tea bar in the <strong>sauna and relaxation area<\/strong><\/li>\r\n<\/ul>\r\n<ul>\r\n<li><strong>Library<\/strong> in the relaxation room<\/li>\r\n<li><strong>Fitness room<\/strong> with TechnoGym equipment<\/li>\r\n<li><strong>Children&#8217;s playroom<\/strong> + youth room<\/li>\r\n<li><strong>WLAN<\/strong> free throughout the house<\/li>\r\n<li>Daily newspapers<\/li>\r\n<li>Cosy bathrobe<\/li>\r\n<li>Glockner water from our own house spring in every room<\/li>\r\n<li>Free <strong>parking garage space<\/strong><\/li>\r\n<li>Video-monitored motorbike parking<\/li>\r\n<li><strong>Into the Wild Farewell gift<\/strong> (from 4 nights)<\/li>\r\n<\/ul>\r\n<p>&nbsp;<\/p>\r\n<h4>IN <strong>SUMMER<\/strong><\/h4>\r\n<ul>\r\n<li><strong>Video-monitored <\/strong>and <strong>locked bicycle depot<\/strong><\/li>\r\n<li>Your advantage as a house guest: <strong>Reduced ticket for the Grossglockner High Alpine Road<\/strong><\/li>\r\n<li><strong>10%<\/strong> Discount on<strong> E-bike rental<\/strong> at Intersport Grossglockner (from 3 nights)<\/li>\r\n<li>In-house Wintersteiger bike wash facility<\/li>\r\n<\/ul>\r\n<h4>IN <strong>WINTER<\/strong>:<\/h4>\r\n<ul>\r\n<li><strong>Free ski storage room<\/strong><\/li>\r\n<li><strong>&#8211; 10% on our heated and lockable ski box depot<\/strong> at Intersport Grossglockner (depot prices on request).<\/li>\r\n<\/ul>\r\n<h4>Our team will be happy to assist you!<\/h4>\r\n<div class=\"wpforms-container \" id=\"wpforms-22408\"><form id=\"wpforms-form-22408\" class=\"wpforms-validate wpforms-form\" data-formid=\"22408\" method=\"post\" enctype=\"multipart\/form-data\" action=\"\/en\/wp-json\/wp\/v2\/pages\/25899\" data-token=\"5fdb7ee1d5f70f4818dd76b5a1dfd5cc\" data-token-time=\"1775729629\"><noscript class=\"wpforms-error-noscript\">Please enable JavaScript in your browser to complete this form.<\/noscript><div class=\"wpforms-field-container\"><div id=\"wpforms-22408-field_0-container\" class=\"wpforms-field wpforms-field-name wpforms-one-half wpforms-first\" data-field-id=\"0\"><input type=\"text\" id=\"wpforms-22408-field_0\" class=\"wpforms-field-large wpforms-field-required\" name=\"wpforms[fields][0]\" placeholder=\"Your name\" required><\/div><div id=\"wpforms-22408-field_4-container\" class=\"wpforms-field wpforms-field-name wpforms-one-half\" data-field-id=\"4\"><input type=\"text\" id=\"wpforms-22408-field_4\" class=\"wpforms-field-large\" name=\"wpforms[fields][4]\" placeholder=\"Your address\" ><\/div><div id=\"wpforms-22408-field_1-container\" class=\"wpforms-field wpforms-field-email wpforms-one-half wpforms-first\" data-field-id=\"1\"><input type=\"email\" id=\"wpforms-22408-field_1\" class=\"wpforms-field-large wpforms-field-required\" name=\"wpforms[fields][1]\" placeholder=\"Your e-mail address\" spellcheck=\"false\" required><\/div><div id=\"wpforms-22408-field_5-container\" class=\"wpforms-field wpforms-field-number wpforms-one-half\" data-field-id=\"5\"><input type=\"number\" id=\"wpforms-22408-field_5\" class=\"wpforms-field-large\" name=\"wpforms[fields][5]\" placeholder=\"Your phone number\" step=\"any\" ><\/div><div id=\"wpforms-22408-field_2-container\" class=\"wpforms-field wpforms-field-textarea wpforms-first\" data-field-id=\"2\"><textarea id=\"wpforms-22408-field_2\" class=\"wpforms-field-medium\" name=\"wpforms[fields][2]\" placeholder=\"Your message or your wishes to us ...\" ><\/textarea><\/div><\/div><!-- .wpforms-field-container --><div class=\"wpforms-field wpforms-field-hp\"><label for=\"wpforms-22408-field-hp\" class=\"wpforms-field-label\">Phone<\/label><input type=\"text\" name=\"wpforms[hp]\" id=\"wpforms-22408-field-hp\" class=\"wpforms-field-medium\"><\/div><div class=\"wpforms-submit-container\" ><input type=\"hidden\" name=\"wpforms[id]\" value=\"22408\"><input type=\"hidden\" name=\"page_title\" value=\"\"><input type=\"hidden\" name=\"page_url\" value=\"https:\/\/www.nationalparklodge.at\/en\/wp-json\/wp\/v2\/pages\/25899\"><input type=\"hidden\" name=\"url_referer\" value=\"\"><button type=\"submit\" name=\"wpforms[submit]\" id=\"wpforms-submit-22408\" class=\"wpforms-submit\" data-alt-text=\"Message is being sent...\" data-submit-text=\"Send message\" aria-live=\"assertive\" value=\"wpforms-submit\">Send message<\/button><\/div><\/form><\/div>  <!-- .wpforms-container -->\r\n<h4>Our address<\/h4>\r\n<p>Nationalparklodge Grossglockner<br \/>Hof 6<br \/>9844 Heiligenblut<\/p>\r\n<h4>Reachable<\/h4>\r\n<p><a href=\"tel:0043482422440\">T +43 (0) 4824 2244 &#8211; 0<\/a><br \/><a href=\"mailto:info@nationalparklodge.at\">info@nationalparklodge.at<\/a><\/p>\r\n<h4>Arrival<\/h4>\r\n<p> <div class=\"brlbs-cmpnt-container brlbs-cmpnt-content-blocker brlbs-cmpnt-with-individual-styles\" data-borlabs-cookie-content-blocker-id=\"google-maps\" data-borlabs-cookie-content=\"PGlmcmFtZSBzcmM9Imh0dHBzOi8vd3d3Lmdvb2dsZS5jb20vbWFwcy9lbWJlZC92MS9wbGFjZT9xPUhvZis2JTJDKzk4NDQrSGVpbGlnZW5ibHV0JmFtcDtrZXk9QUl6YVN5RDA5elE5UE5ETk55OVRhZE11elJWX1VzUFVvV0tudHQ4IiBhcmlhLWhpZGRlbj0idHJ1ZSI+PC9pZnJhbWU+\"><div class=\"brlbs-cmpnt-cb-preset-b brlbs-cmpnt-cb-google-maps\"> <div class=\"brlbs-cmpnt-cb-thumbnail\" style=\"background-image: url('https:\/\/www.nationalparklodge.at\/wp-content\/uploads\/borlabs-cookie\/1\/brlbs-cb-google-maps-main.png')\"><\/div> <div class=\"brlbs-cmpnt-cb-main\"> <div class=\"brlbs-cmpnt-cb-content\"> <p class=\"brlbs-cmpnt-cb-description\">You are currently viewing a placeholder content from <strong>Google Maps<\/strong>. To access the actual content, click the button below. Please note that doing so will share data with third-party providers.<\/p> <a class=\"brlbs-cmpnt-cb-provider-toggle\" href=\"#\" data-borlabs-cookie-show-provider-information role=\"button\">More Information<\/a> <\/div> <div class=\"brlbs-cmpnt-cb-buttons\"> <a class=\"brlbs-cmpnt-cb-btn\" href=\"#\" data-borlabs-cookie-unblock role=\"button\">Unblock content<\/a> <a class=\"brlbs-cmpnt-cb-btn\" href=\"#\" data-borlabs-cookie-accept-service role=\"button\" style=\"display: inherit\">Accept required service and unblock content<\/a> <\/div> <\/div> <\/div><\/div><\/p>\r\n<\/div><!-- .vgblk-rw-wrapper -->","protected":false},"excerpt":{"rendered":"<p>Suite up to 24 m\u00b2 | 1-2 persons Modernster Wohnkomfort gepaart mit traditionellen Elementen. Genie\u00dfen Sie erholsame Stunden in unseren Kuschelzimmern. Nat\u00fcrliche Materialien, ein Echtholzboden und ein gem\u00fctliches Raumkonzept vermitteln eine besondere Wohlf\u00fchlatmosph\u00e4re in Ihrem Urlaub Equipment Balkon Balkon Balkon Balkon Balkon Balkon Balkon Balkon Prices BOOK HERE REQUEST Pampering board included services Our hotel&#8230;<\/p>\n","protected":false},"author":5,"featured_media":22351,"parent":25813,"menu_order":103,"comment_status":"closed","ping_status":"closed","template":"","meta":{"footnotes":""},"class_list":["post-25899","page","type-page","status-publish","has-post-thumbnail","hentry"],"yoast_head":"<title>Room details - Nationalparklodge Gro\u00dfglockner ****<\/title>\n<meta name=\"description\" content=\"Designers Guild fabrics, wood, linen, loden and wool create a relaxing and cosy atmosphere in our 4* hotel rooms.\" \/>\n<meta name=\"robots\" content=\"index, follow, max-snippet:-1, max-image-preview:large, max-video-preview:-1\" \/>\n<link rel=\"canonical\" href=\"https:\/\/www.nationalparklodge.at\/en\/room-overview\/details\/\" \/>\n<meta property=\"og:locale\" content=\"en_US\" \/>\n<meta property=\"og:type\" content=\"article\" \/>\n<meta property=\"og:title\" content=\"Room details - Nationalparklodge Gro\u00dfglockner ****\" \/>\n<meta property=\"og:description\" content=\"Designers Guild fabrics, wood, linen, loden and wool create a relaxing and cosy atmosphere in our 4* hotel rooms.\" \/>\n<meta property=\"og:url\" content=\"https:\/\/www.nationalparklodge.at\/en\/room-overview\/details\/\" \/>\n<meta property=\"og:site_name\" content=\"Nationalparklodge Gro\u00dfglockner\" \/>\n<meta property=\"article:publisher\" content=\"https:\/\/www.facebook.com\/Nationalpark.Lodge\/\" \/>\n<meta property=\"article:modified_time\" content=\"2023-09-11T07:01:33+00:00\" \/>\n<meta property=\"og:image\" content=\"https:\/\/www.nationalparklodge.at\/wp-content\/uploads\/2020\/02\/np-lodge-86-zimmer-405-1024x683.jpg\" \/>\n\t<meta property=\"og:image:width\" content=\"1024\" \/>\n\t<meta property=\"og:image:height\" content=\"683\" \/>\n\t<meta property=\"og:image:type\" content=\"image\/jpeg\" \/>\n<meta name=\"twitter:card\" content=\"summary_large_image\" \/>\n<meta name=\"twitter:label1\" content=\"Est. reading time\" \/>\n\t<meta name=\"twitter:data1\" content=\"3 minutes\" \/>","yoast_head_json":{"title":"Room details - Nationalparklodge Gro\u00dfglockner ****","description":"Designers Guild fabrics, wood, linen, loden and wool create a relaxing and cosy atmosphere in our 4* hotel rooms.","robots":{"index":"index","follow":"follow","max-snippet":"max-snippet:-1","max-image-preview":"max-image-preview:large","max-video-preview":"max-video-preview:-1"},"canonical":"https:\/\/www.nationalparklodge.at\/en\/room-overview\/details\/","og_locale":"en_US","og_type":"article","og_title":"Room details - Nationalparklodge Gro\u00dfglockner ****","og_description":"Designers Guild fabrics, wood, linen, loden and wool create a relaxing and cosy atmosphere in our 4* hotel rooms.","og_url":"https:\/\/www.nationalparklodge.at\/en\/room-overview\/details\/","og_site_name":"Nationalparklodge Gro\u00dfglockner","article_publisher":"https:\/\/www.facebook.com\/Nationalpark.Lodge\/","article_modified_time":"2023-09-11T07:01:33+00:00","og_image":[{"width":1024,"height":683,"url":"https:\/\/www.nationalparklodge.at\/wp-content\/uploads\/2020\/02\/np-lodge-86-zimmer-405-1024x683.jpg","type":"image\/jpeg"}],"twitter_card":"summary_large_image","twitter_misc":{"Est. reading time":"3 minutes"},"schema":{"@context":"https:\/\/schema.org","@graph":[{"@type":"WebPage","@id":"https:\/\/www.nationalparklodge.at\/en\/room-overview\/details\/","url":"https:\/\/www.nationalparklodge.at\/en\/room-overview\/details\/","name":"Room details - Nationalparklodge Gro\u00dfglockner ****","isPartOf":{"@id":"https:\/\/www.nationalparklodge.at\/en\/#website"},"primaryImageOfPage":{"@id":"https:\/\/www.nationalparklodge.at\/en\/room-overview\/details\/#primaryimage"},"image":{"@id":"https:\/\/www.nationalparklodge.at\/en\/room-overview\/details\/#primaryimage"},"thumbnailUrl":"https:\/\/www.nationalparklodge.at\/wp-content\/uploads\/2020\/02\/np-lodge-86-zimmer-405.jpg","datePublished":"2023-09-04T07:45:33+00:00","dateModified":"2023-09-11T07:01:33+00:00","description":"Designers Guild fabrics, wood, linen, loden and wool create a relaxing and cosy atmosphere in our 4* hotel rooms.","breadcrumb":{"@id":"https:\/\/www.nationalparklodge.at\/en\/room-overview\/details\/#breadcrumb"},"inLanguage":"en-US","potentialAction":[{"@type":"ReadAction","target":["https:\/\/www.nationalparklodge.at\/en\/room-overview\/details\/"]}]},{"@type":"ImageObject","inLanguage":"en-US","@id":"https:\/\/www.nationalparklodge.at\/en\/room-overview\/details\/#primaryimage","url":"https:\/\/www.nationalparklodge.at\/wp-content\/uploads\/2020\/02\/np-lodge-86-zimmer-405.jpg","contentUrl":"https:\/\/www.nationalparklodge.at\/wp-content\/uploads\/2020\/02\/np-lodge-86-zimmer-405.jpg","width":2560,"height":1707,"caption":"zimmer hotel heiligenblut"},{"@type":"BreadcrumbList","@id":"https:\/\/www.nationalparklodge.at\/en\/room-overview\/details\/#breadcrumb","itemListElement":[{"@type":"ListItem","position":1,"name":"Home","item":"https:\/\/www.nationalparklodge.at\/en\/"},{"@type":"ListItem","position":2,"name":"Room overview","item":"https:\/\/www.nationalparklodge.at\/en\/room-overview\/"},{"@type":"ListItem","position":3,"name":"Room details"}]},{"@type":"WebSite","@id":"https:\/\/www.nationalparklodge.at\/en\/#website","url":"https:\/\/www.nationalparklodge.at\/en\/","name":"Nationalpark Lodge Gro\u00dfglockner","description":"","publisher":{"@id":"https:\/\/www.nationalparklodge.at\/en\/#organization"},"potentialAction":[{"@type":"SearchAction","target":{"@type":"EntryPoint","urlTemplate":"https:\/\/www.nationalparklodge.at\/en\/?s={search_term_string}"},"query-input":{"@type":"PropertyValueSpecification","valueRequired":true,"valueName":"search_term_string"}}],"inLanguage":"en-US"},{"@type":"Organization","@id":"https:\/\/www.nationalparklodge.at\/en\/#organization","name":"Nationalpark Lodge Gro\u00dfglockner","url":"https:\/\/www.nationalparklodge.at\/en\/","logo":{"@type":"ImageObject","inLanguage":"en-US","@id":"https:\/\/www.nationalparklodge.at\/en\/#\/schema\/logo\/image\/","url":"https:\/\/www.nationalparklodge.at\/wp-content\/uploads\/2020\/04\/logo_nationalparklodge_steinbock_favicon.png","contentUrl":"https:\/\/www.nationalparklodge.at\/wp-content\/uploads\/2020\/04\/logo_nationalparklodge_steinbock_favicon.png","width":173,"height":173,"caption":"Nationalpark Lodge Gro\u00dfglockner"},"image":{"@id":"https:\/\/www.nationalparklodge.at\/en\/#\/schema\/logo\/image\/"},"sameAs":["https:\/\/www.facebook.com\/Nationalpark.Lodge\/","https:\/\/www.instagram.com\/nationalparklodgegrossglockner\/","https:\/\/www.youtube.com\/channel\/UCtxQDzgamivSa45MD3tzEBQ"]}]}},"_links":{"self":[{"href":"https:\/\/www.nationalparklodge.at\/en\/wp-json\/wp\/v2\/pages\/25899","targetHints":{"allow":["GET"]}}],"collection":[{"href":"https:\/\/www.nationalparklodge.at\/en\/wp-json\/wp\/v2\/pages"}],"about":[{"href":"https:\/\/www.nationalparklodge.at\/en\/wp-json\/wp\/v2\/types\/page"}],"author":[{"embeddable":true,"href":"https:\/\/www.nationalparklodge.at\/en\/wp-json\/wp\/v2\/users\/5"}],"replies":[{"embeddable":true,"href":"https:\/\/www.nationalparklodge.at\/en\/wp-json\/wp\/v2\/comments?post=25899"}],"version-history":[{"count":0,"href":"https:\/\/www.nationalparklodge.at\/en\/wp-json\/wp\/v2\/pages\/25899\/revisions"}],"up":[{"embeddable":true,"href":"https:\/\/www.nationalparklodge.at\/en\/wp-json\/wp\/v2\/pages\/25813"}],"wp:featuredmedia":[{"embeddable":true,"href":"https:\/\/www.nationalparklodge.at\/en\/wp-json\/wp\/v2\/media\/22351"}],"wp:attachment":[{"href":"https:\/\/www.nationalparklodge.at\/en\/wp-json\/wp\/v2\/media?parent=25899"}],"curies":[{"name":"wp","href":"https:\/\/api.w.org\/{rel}","templated":true}]}}